{"id":24,"date":"2025-03-03T10:19:28","date_gmt":"2025-03-03T10:19:28","guid":{"rendered":"https:\/\/oceansoft.se\/?page_id=24"},"modified":"2025-04-01T13:11:36","modified_gmt":"2025-04-01T12:11:36","slug":"hem","status":"publish","type":"page","link":"https:\/\/7zeasoft.se\/","title":{"rendered":"Hem"},"content":{"rendered":"\n<div class=\"wp-block-columns alignwide is-layout-flex wp-container-core-columns-is-layout-be00c520 wp-block-columns-is-layout-flex\" style=\"margin-bottom:0;padding-right:0;padding-left:0\">\n<div class=\"wp-block-column has-text-color has-background has-link-color wp-elements-97bfc279e59454740d012dbe8490cc97 is-layout-flow wp-block-column-is-layout-flow\" style=\"color:#000000;background-color:#ffe97d;padding-top:2em;padding-right:2em;padding-bottom:2em;padding-left:2em;flex-basis:33%\">\n<h2 class=\"wp-block-heading\" id=\"single\" style=\"font-size:40px\"><strong>Driftjournal Bad  <\/strong><\/h2>\n\n\n\n<p class=\"has-normal-font-size\" style=\"line-height:1.5\"><strong>Driftjournal <strong>BAD <\/strong>\u00e4r ett flexibelt webb-baserat drift- och egenkontrollsystem speciellt uppbyggt f\u00f6r drift av badanl\u00e4ggningar.<\/strong><\/p>\n\n\n\n<hr class=\"wp-block-separator has-text-color has-css-opacity has-background is-style-wide\" style=\"background-color:#000000;color:#000000\"\/>\n\n\n\n<ul class=\"wp-block-list has-normal-font-size\">\n<li>H\u00e5ller reda p\u00e5 dina anl\u00e4ggningar, schemal\u00e4gger uppgifter och varnar f\u00f6r avvikelser och ej utf\u00f6rda uppgifter<\/li>\n\n\n\n<li>Dokumenterar och skapar rapporter f\u00f6r information till tillsynsmyndigheten<\/li>\n\n\n\n<li>\u00c4r webb-baserat och anpassat mobila enheter f\u00f6r datorer, surfplattor och smartphones<\/li>\n\n\n\n<li>Har ett intuitivt, effektivt och anv\u00e4ndarv\u00e4nligt gr\u00e4nssnitt<\/li>\n\n\n\n<li>\u00c4r enkelt att anpassa till din verksamhet<\/li>\n<\/ul>\n\n\n\n<div class=\"wp-block-buttons alignfull is-horizontal is-content-justification-center is-layout-flex wp-container-core-buttons-is-layout-499968f5 wp-block-buttons-is-layout-flex\">\n<div class=\"wp-block-button has-custom-width wp-block-button__width-100\"><a class=\"wp-block-button__link has-white-color has-text-color has-background no-border-radius wp-element-button\" style=\"background-color:#000000\">L\u00e4s mer<\/a><\/div>\n<\/div>\n<\/div>\n\n\n\n<div class=\"wp-block-column has-text-color has-background has-link-color wp-elements-55f628f0e1fc1b43190ce4bfda2f31cd is-layout-flow wp-block-column-is-layout-flow\" style=\"color:#000000;background-color:#d1d1e1;padding-top:2em;padding-right:2em;padding-bottom:2em;padding-left:2em;flex-basis:33%\">\n<h2 class=\"wp-block-heading\" id=\"family\" style=\"font-size:40px\"><strong>7zea.com<\/strong><\/h2>\n\n\n\n<p class=\"has-normal-font-size\" style=\"line-height:1.5\"><strong>Internationell marknadsplats f\u00f6r segel och motorb\u00e5tar<\/strong><\/p>\n\n\n\n<hr class=\"wp-block-separator has-css-opacity is-style-wide\"\/>\n\n\n\n<ul class=\"wp-block-list has-normal-font-size\">\n<li>General admission and member discounts for two adults<\/li>\n\n\n\n<li>Four free tickets per special exhibition<\/li>\n\n\n\n<li>Four single-use guest passes per year<\/li>\n<\/ul>\n\n\n\n<div class=\"wp-block-buttons alignfull is-horizontal is-content-justification-center is-layout-flex wp-container-core-buttons-is-layout-499968f5 wp-block-buttons-is-layout-flex\">\n<div class=\"wp-block-button has-custom-width wp-block-button__width-100 is-style-fill\"><a class=\"wp-block-button__link has-white-color has-text-color has-background no-border-radius wp-element-button\" style=\"background-color:#000000\">L\u00e4s mer<\/a><\/div>\n<\/div>\n<\/div>\n\n\n\n<div class=\"wp-block-column has-text-color has-background has-link-color wp-elements-32eb67e0b786971b258bc5b380ab3a5c is-layout-flow wp-block-column-is-layout-flow\" style=\"color:#000000;background-color:#c0ebf1;padding-top:2em;padding-right:2em;padding-bottom:2em;padding-left:2em;flex-basis:33%\">\n<h2 class=\"wp-block-heading\" id=\"patron\" style=\"font-size:40px\"><strong>Lager Wood<\/strong><\/h2>\n\n\n\n<p class=\"has-normal-font-size\"><strong>Lagersystem f\u00f6r tr\u00e4varuhandel.<\/strong><\/p>\n\n\n\n<hr class=\"wp-block-separator has-css-opacity is-style-wide\"\/>\n\n\n\n<ul class=\"wp-block-list has-normal-font-size\">\n<li>General admission and member discounts for two adults<\/li>\n\n\n\n<li>Five free tickets per special exhibition<\/li>\n\n\n\n<li>Six single-use guest passes per year<\/li>\n<\/ul>\n\n\n\n<div class=\"wp-block-buttons alignfull is-horizontal is-content-justification-center is-layout-flex wp-container-core-buttons-is-layout-499968f5 wp-block-buttons-is-layout-flex\">\n<div class=\"wp-block-button has-custom-width wp-block-button__width-100\"><a class=\"wp-block-button__link has-white-color has-text-color has-background no-border-radius wp-element-button\" style=\"background-color:#000000\">L\u00e4s mer<\/a><\/div>\n<\/div>\n<\/div>\n<\/div>\n\n\n\n<p><\/p>\n","protected":false},"excerpt":{"rendered":"<p>Driftjournal Bad Driftjournal BAD \u00e4r ett flexibelt webb-baserat drift- och egenkontrollsystem speciellt uppbyggt f\u00f6r drift av badanl\u00e4ggningar. 7zea.com Internationell marknadsplats f\u00f6r segel och motorb\u00e5tar Lager Wood Lagersystem f\u00f6r tr\u00e4varuhandel.<\/p>\n","protected":false},"author":1,"featured_media":0,"parent":0,"menu_order":0,"comment_status":"closed","ping_status":"closed","template":"","meta":{"footnotes":""},"class_list":["post-24","page","type-page","status-publish","hentry"],"_links":{"self":[{"href":"https:\/\/7zeasoft.se\/index.php?rest_route=\/wp\/v2\/pages\/24","targetHints":{"allow":["GET"]}}],"collection":[{"href":"https:\/\/7zeasoft.se\/index.php?rest_route=\/wp\/v2\/pages"}],"about":[{"href":"https:\/\/7zeasoft.se\/index.php?rest_route=\/wp\/v2\/types\/page"}],"author":[{"embeddable":true,"href":"https:\/\/7zeasoft.se\/index.php?rest_route=\/wp\/v2\/users\/1"}],"replies":[{"embeddable":true,"href":"https:\/\/7zeasoft.se\/index.php?rest_route=%2Fwp%2Fv2%2Fcomments&post=24"}],"version-history":[{"count":3,"href":"https:\/\/7zeasoft.se\/index.php?rest_route=\/wp\/v2\/pages\/24\/revisions"}],"predecessor-version":[{"id":90,"href":"https:\/\/7zeasoft.se\/index.php?rest_route=\/wp\/v2\/pages\/24\/revisions\/90"}],"wp:attachment":[{"href":"https:\/\/7zeasoft.se\/index.php?rest_route=%2Fwp%2Fv2%2Fmedia&parent=24"}],"curies":[{"name":"wp","href":"https:\/\/api.w.org\/{rel}","templated":true}]}}