{"id":20,"date":"2025-03-03T10:11:57","date_gmt":"2025-03-03T10:11:57","guid":{"rendered":"https:\/\/oceansoft.se\/?page_id=20"},"modified":"2025-03-04T14:34:34","modified_gmt":"2025-03-04T13:34:34","slug":"driftjournal-bad","status":"publish","type":"page","link":"https:\/\/7zeasoft.se\/?page_id=20","title":{"rendered":"Driftjournal BAD"},"content":{"rendered":"\n<div class=\"wp-block-columns is-layout-flex wp-container-core-columns-is-layout-abbe5815 wp-block-columns-is-layout-flex\" style=\"padding-top:0;padding-right:0;padding-bottom:0;padding-left:0\">\n<div class=\"wp-block-column is-layout-flow wp-block-column-is-layout-flow\" style=\"padding-right:var(--wp--preset--spacing--50)\">\n<h2 class=\"wp-block-heading\">Prova Driftjournal BAD kostnadsfritt i 30 dagar<\/h2>\n\n\n\n<div class=\"wpcf7 no-js\" id=\"wpcf7-f46-o1\" lang=\"sv-SE\" dir=\"ltr\" data-wpcf7-id=\"46\">\n<div class=\"screen-reader-response\"><p role=\"status\" aria-live=\"polite\" aria-atomic=\"true\"><\/p> <ul><\/ul><\/div>\n<form action=\"\/index.php?rest_route=%2Fwp%2Fv2%2Fpages%2F20#wpcf7-f46-o1\" method=\"post\" class=\"wpcf7-form init\" aria-label=\"Kontaktformul\u00e4r\" novalidate=\"novalidate\" data-status=\"init\">\n<div style=\"display: none;\">\n<input type=\"hidden\" name=\"_wpcf7\" value=\"46\" \/>\n<input type=\"hidden\" name=\"_wpcf7_version\" value=\"6.0.4\" \/>\n<input type=\"hidden\" name=\"_wpcf7_locale\" value=\"sv_SE\" \/>\n<input type=\"hidden\" name=\"_wpcf7_unit_tag\" value=\"wpcf7-f46-o1\" \/>\n<input type=\"hidden\" name=\"_wpcf7_container_post\" value=\"0\" \/>\n<input type=\"hidden\" name=\"_wpcf7_posted_data_hash\" value=\"\" \/>\n<\/div>\n<p><label> Din e-post<br \/>\n<span class=\"wpcf7-form-control-wrap\" data-name=\"your-email\"><input size=\"40\" maxlength=\"400\" class=\"wpcf7-form-control wpcf7-email wpcf7-validates-as-required wpcf7-text wpcf7-validates-as-email\" autocomplete=\"email\" aria-required=\"true\" aria-invalid=\"false\" value=\"\" type=\"email\" name=\"your-email\" \/><\/span> <\/label>\n<\/p>\n<p><input class=\"wpcf7-form-control wpcf7-submit has-spinner\" type=\"submit\" value=\"PROVA KOSTNADSFRITT\" \/>\n<\/p><div class=\"wpcf7-response-output\" aria-hidden=\"true\"><\/div>\n<\/form>\n<\/div>\n\n\n\n\n<p>N\u00e4r du provar BAD Driftjournal f\u00e5r du en fullt fungerande version som hj\u00e4lper din verksamhet att uppfylla myndigheternas krav p\u00e5 dokumentation och egenkontroll. Alla \u00e4ndringar och till\u00e4gg som du g\u00f6r i provversionen sparas och finns kvar n\u00e4r du v\u00e4ljer att k\u00f6pa en licens och forts\u00e4tta att anv\u00e4nda systemet.<\/p>\n\n\n\n<figure class=\"wp-block-table\"><table><thead><tr><th>FUNKTIONER<\/th><th><nobr>BAD<\/nobr><\/th><th><nobr>LIGHT<\/nobr><\/th><\/tr><\/thead><tbody><tr><td>\u00d6versikt med interna nyheter<br>Startsida efter inloggning, plats f\u00f6r interna nyheter.<\/td><td>\u221a<\/td><td>\u221a<\/td><\/tr><tr><td>Inmatning<br>H\u00e4r visas dagliga uppgifter som skall utf\u00f6ras, enkel inmatning och avbokning av uppgifter.<\/td><td>\u221a<\/td><td>\u221a<\/td><\/tr><tr><td>Checklista<br>Under inmatning finns \u00e4ven m\u00f6jlighet att skriva ut dagens uppgifter p\u00e5 papper.<\/td><td>\u221a<\/td><td><\/td><\/tr><tr><td>Rapporter<br>S\u00f6k fram och skriv ut grafer och tabeller p\u00e5 inmatade v\u00e4rden, eller exportera till excel.<\/td><td>\u221a<\/td><td><\/td><\/tr><tr><td>Rapport mini<br>S\u00f6k fram tabeller p\u00e5 inmatade v\u00e4rden.<\/td><td><\/td><td>\u221a<\/td><\/tr><tr><td>Trendkurvor<br>J\u00e4mf\u00f6r upp till 4 v\u00e4rden i samma graf \u00f6ver vald tid.<\/td><td>\u221a<\/td><td><\/td><\/tr><tr><td>Konfigurering<br>Skapa din versamhets struktur med anl\u00e4ggningar, objekt och uppgifter.<\/td><td>\u221a<\/td><td>\u221a<\/td><\/tr><tr><td>Schemal\u00e4ggning<br>Schemal\u00e4gg dina uppgifter, allt fr\u00e5n varje dag till en g\u00e5ng om \u00e5ret.<\/td><td>\u221a<\/td><td>\u221a<\/td><\/tr><tr><td>Kemikalielista<br>Samla alla dina kemikalier, koppla s\u00e4kerhetsinformation och andra dokument.<\/td><td>\u221a<\/td><td><\/td><\/tr><tr><td>Ber\u00e4kningsfunktion<br>Skapa automatiska ber\u00e4kningar av valda v\u00e4rden.<\/td><td>\u221a<\/td><td><\/td><\/tr><tr><td>Dokumentkopplare<br>Till varje uppgift kan du koppla dokument med viktig information.<\/td><td>\u221a<\/td><td><\/td><\/tr><tr><td>Pausa del av anl\u00e4ggning<br>Pausa ett objekt vid t.ex. renovering<\/td><td>\u221a<\/td><td><\/td><\/tr><tr><td>Inspektionsvy<br>Ge tillsynsmyndigheten en egen login f\u00f6r att sj\u00e4lv kunna bes\u00f6ka er rapportsida.<\/td><td>\u221a<\/td><td><\/td><\/tr><tr><td>Manual<br>En l\u00e4ttnavigerad inbyggd hj\u00e4lpmanual.<\/td><td>\u221a<\/td><td>\u221a<\/td><\/tr><\/tbody><\/table><\/figure>\n<\/div>\n\n\n\n<div class=\"wp-block-column is-layout-flow wp-block-column-is-layout-flow\" style=\"padding-right:0;padding-left:var(--wp--preset--spacing--50)\">\n<h3 class=\"wp-block-heading\">Driftjournal BAD \u00e4r ett flexibelt webb-baserat drift- och egenkontrollsystem speciellt uppbyggt f\u00f6r drift av badanl\u00e4ggningar.<\/h3>\n\n\n\n<div style=\"height:40px\" aria-hidden=\"true\" class=\"wp-block-spacer\"><\/div>\n\n\n\n<h2 class=\"wp-block-heading\">Driftjournal BAD finns i 2 versioner<\/h2>\n\n\n\n<p>Driftjournal BAD 3.0 som ger dig fullst\u00e4ndig kontroll p\u00e5 din anl\u00e4ggning, inneh\u00e5ller alla funktioner och inga begr\u00e4nsningar p\u00e5 antal anl\u00e4ggningar och anv\u00e4ndare.<\/p>\n\n\n\n<p>Driftjournal BAD LIGHT 3.0&nbsp;f\u00f6r mindre&nbsp;anl\u00e4ggningar som \u00e4nd\u00e5 vill uppfylla kraven p\u00e5 egenkontroll. &nbsp;Driftjournal BAD LIGHT \u00e4r en avskalad variant av v\u00e5rt ursprungliga drift- och egenkontrollsystem Driftjournal BAD.<\/p>\n\n\n\n<p>B\u00e5da systemen&nbsp;\u00e4r anpassade f\u00f6r&nbsp;b\u00e5de station\u00e4ra datorer och mobila enheter som&nbsp;laptops, surfplattor och smartphones.<\/p>\n\n\n\n<div style=\"height:40px\" aria-hidden=\"true\" class=\"wp-block-spacer\"><\/div>\n\n\n\n<h2 class=\"wp-block-heading\">S\u00e5 h\u00e4r fungerar Driftjournal BAD<\/h2>\n\n\n\n<ul class=\"wp-block-list\">\n<li>H\u00e5ller reda p\u00e5 dina anl\u00e4ggningar, schemal\u00e4gger uppgifter och varnar f\u00f6r avvikelser och ej utf\u00f6rda uppgifter<\/li>\n\n\n\n<li>Dokumenterar och skapar rapporter f\u00f6r information till tillsynsmyndigheten<\/li>\n\n\n\n<li>\u00c4r webb-baserat och anpassat mobila enheter f\u00f6r datorer, surfplattor och smartphones<\/li>\n\n\n\n<li>Har ett intuitivt, effektivt och anv\u00e4ndarv\u00e4nligt gr\u00e4nssnitt<\/li>\n\n\n\n<li>\u00c4r enkelt att anpassa till din verksamhet<\/li>\n<\/ul>\n\n\n\n<div style=\"height:40px\" aria-hidden=\"true\" class=\"wp-block-spacer\"><\/div>\n\n\n\n<h2 class=\"wp-block-heading\">Prislista Driftjournal BAD 3.0<\/h2>\n\n\n\n<figure class=\"wp-block-table\"><table class=\"has-fixed-layout\"><thead><tr><th>DRIFTJOURNAL BAD 3.0<\/th><th>PRIS<\/th><\/tr><\/thead><tbody><tr><td>Anl\u00e4ggningslicens, en licens<\/td><td>1990 kr\/m\u00e5n<\/td><\/tr><tr><td>Anl\u00e4ggningslicenspaket, tre licenser<\/td><td>2990 kr\/m\u00e5n<\/td><\/tr><tr><td>Multianl\u00e4ggningslicens<\/td><td>Offereras separat<\/td><\/tr><tr><td>Anv\u00e4ndarlicenspaket, tre licenser<\/td><td>1140 kr\/m\u00e5n<\/td><\/tr><tr><td>Anv\u00e4ndarlicens per licens<\/td><td>475 kr\/m\u00e5n<\/td><\/tr><tr><td>Anv\u00e4ndarlicens multi<\/td><td>Offereras separat<\/td><\/tr><tr><td>Serviceavtal bas<\/td><td>4 % av det \u00e5rliga fakturerade beloppet<\/td><\/tr><\/tbody><\/table><\/figure>\n\n\n\n<div style=\"height:40px\" aria-hidden=\"true\" class=\"wp-block-spacer\"><\/div>\n\n\n\n<h2 class=\"wp-block-heading\">Prislista Driftjournal BAD LIGHT 3.0<\/h2>\n\n\n\n<figure class=\"wp-block-table\"><table><thead><tr><th>DRIFTJOURNAL BAD LIGHT 3.0<\/th><th>PRIS<\/th><\/tr><\/thead><tbody><tr><td>En anl\u00e4ggningslicens inklusive tv\u00e5 anv\u00e4ndarlicenser<\/td><td>1298 kr\/m\u00e5n<\/td><\/tr><tr><td>Anv\u00e4ndarlicens per licens<\/td><td>475 kr\/m\u00e5n<\/td><\/tr><\/tbody><\/table><\/figure>\n<\/div>\n<\/div>\n\n\n\n<p><\/p>\n","protected":false},"excerpt":{"rendered":"<p>Prova Driftjournal BAD kostnadsfritt i 30 dagar N\u00e4r du provar BAD Driftjournal f\u00e5r du en fullt fungerande version som hj\u00e4lper din verksamhet att uppfylla myndigheternas krav p\u00e5 dokumentation och egenkontroll. Alla \u00e4ndringar och till\u00e4gg som du g\u00f6r i provversionen sparas och finns kvar n\u00e4r du v\u00e4ljer att k\u00f6pa en licens och forts\u00e4tta att anv\u00e4nda systemet. <a class=\"read-more\" href=\"https:\/\/7zeasoft.se\/?page_id=20\">Read More<\/a><\/p>\n","protected":false},"author":1,"featured_media":0,"parent":0,"menu_order":0,"comment_status":"closed","ping_status":"closed","template":"","meta":{"footnotes":""},"class_list":["post-20","page","type-page","status-publish","hentry"],"_links":{"self":[{"href":"https:\/\/7zeasoft.se\/index.php?rest_route=\/wp\/v2\/pages\/20","targetHints":{"allow":["GET"]}}],"collection":[{"href":"https:\/\/7zeasoft.se\/index.php?rest_route=\/wp\/v2\/pages"}],"about":[{"href":"https:\/\/7zeasoft.se\/index.php?rest_route=\/wp\/v2\/types\/page"}],"author":[{"embeddable":true,"href":"https:\/\/7zeasoft.se\/index.php?rest_route=\/wp\/v2\/users\/1"}],"replies":[{"embeddable":true,"href":"https:\/\/7zeasoft.se\/index.php?rest_route=%2Fwp%2Fv2%2Fcomments&post=20"}],"version-history":[{"count":19,"href":"https:\/\/7zeasoft.se\/index.php?rest_route=\/wp\/v2\/pages\/20\/revisions"}],"predecessor-version":[{"id":82,"href":"https:\/\/7zeasoft.se\/index.php?rest_route=\/wp\/v2\/pages\/20\/revisions\/82"}],"wp:attachment":[{"href":"https:\/\/7zeasoft.se\/index.php?rest_route=%2Fwp%2Fv2%2Fmedia&parent=20"}],"curies":[{"name":"wp","href":"https:\/\/api.w.org\/{rel}","templated":true}]}}